{"id":857,"date":"2024-06-23T23:37:32","date_gmt":"2024-06-23T23:37:32","guid":{"rendered":"https:\/\/sarandaport.al\/?page_id=857"},"modified":"2024-06-28T21:29:43","modified_gmt":"2024-06-28T21:29:43","slug":"ligje-akte-nenligjor-udhezime-vendime","status":"publish","type":"page","link":"https:\/\/sarandaport.al\/en\/ligje-akte-nenligjor-udhezime-vendime\/","title":{"rendered":"Laws\/bylaws\/instructions\/decisions"},"content":{"rendered":"<div data-elementor-type=\"wp-page\" data-elementor-id=\"857\" class=\"elementor elementor-857\" data-elementor-settings=\"{&quot;element_pack_global_tooltip_width&quot;:{&quot;unit&quot;:&quot;px&quot;,&quot;size&quot;:&quot;&quot;,&quot;sizes&quot;:[]},&quot;element_pack_global_tooltip_width_tablet&quot;:{&quot;unit&quot;:&quot;px&quot;,&quot;size&quot;:&quot;&quot;,&quot;sizes&quot;:[]},&quot;element_pack_global_tooltip_width_mobile&quot;:{&quot;unit&quot;:&quot;px&quot;,&quot;size&quot;:&quot;&quot;,&quot;sizes&quot;:[]},&quot;element_pack_global_tooltip_padding&quot;:{&quot;unit&quot;:&quot;px&quot;,&quot;top&quot;:&quot;&quot;,&quot;right&quot;:&quot;&quot;,&quot;bottom&quot;:&quot;&quot;,&quot;left&quot;:&quot;&quot;,&quot;isLinked&quot;:true},&quot;element_pack_global_tooltip_padding_tablet&quot;:{&quot;unit&quot;:&quot;px&quot;,&quot;top&quot;:&quot;&quot;,&quot;right&quot;:&quot;&quot;,&quot;bottom&quot;:&quot;&quot;,&quot;left&quot;:&quot;&quot;,&quot;isLinked&quot;:true},&quot;element_pack_global_tooltip_padding_mobile&quot;:{&quot;unit&quot;:&quot;px&quot;,&quot;top&quot;:&quot;&quot;,&quot;right&quot;:&quot;&quot;,&quot;bottom&quot;:&quot;&quot;,&quot;left&quot;:&quot;&quot;,&quot;isLinked&quot;:true},&quot;element_pack_global_tooltip_border_radius&quot;:{&quot;unit&quot;:&quot;px&quot;,&quot;top&quot;:&quot;&quot;,&quot;right&quot;:&quot;&quot;,&quot;bottom&quot;:&quot;&quot;,&quot;left&quot;:&quot;&quot;,&quot;isLinked&quot;:true},&quot;element_pack_global_tooltip_border_radius_tablet&quot;:{&quot;unit&quot;:&quot;px&quot;,&quot;top&quot;:&quot;&quot;,&quot;right&quot;:&quot;&quot;,&quot;bottom&quot;:&quot;&quot;,&quot;left&quot;:&quot;&quot;,&quot;isLinked&quot;:true},&quot;element_pack_global_tooltip_border_radius_mobile&quot;:{&quot;unit&quot;:&quot;px&quot;,&quot;top&quot;:&quot;&quot;,&quot;right&quot;:&quot;&quot;,&quot;bottom&quot;:&quot;&quot;,&quot;left&quot;:&quot;&quot;,&quot;isLinked&quot;:true}}\" data-elementor-post-type=\"page\">\n\t\t\t\t<div data-particle_enable=\"false\" data-particle-mobile-disabled=\"false\" class=\"elementor-element elementor-element-ca0cc01 e-flex e-con-boxed e-con e-parent\" data-id=\"ca0cc01\" data-element_type=\"container\">\n\t\t\t\t\t<div class=\"e-con-inner\">\n\t\t\t\t<div class=\"elementor-element elementor-element-557e0e8 elementor-widget elementor-widget-text-editor\" data-id=\"557e0e8\" data-element_type=\"widget\" data-widget_type=\"text-editor.default\">\n\t\t\t\t<div class=\"elementor-widget-container\">\n\t\t\t\t\t\t\t\t\t<ul><li><a href=\"https:\/\/sarandaport.al\/wp-content\/uploads\/2024\/06\/Ligj_9251_08_07_2004.pdf\"><strong>Ligj_9251_08_07_2004.pdf<\/strong><\/a><\/li><li><a href=\"https:\/\/sarandaport.al\/wp-content\/uploads\/2024\/06\/ligj_nr_168_dt_31_10_2013_15001_1_23417_1-PER-SIGURINE-NE-ANIJE-DHE-NE-PORTE.pdf\"><strong>ligj_nr_168_dt_31_10_2013_15001_1_23417_1-P\u00cbR-SIGURIN\u00cb-N\u00cb-ANIJE-DHE-N\u00cb-PORTE.pdf<\/strong><\/a><\/li><li><a href=\"https:\/\/sarandaport.al\/wp-content\/uploads\/2024\/06\/ligj-1995-07-12-7961-kodi-i-Punes.pdf\"><strong>ligj-1995-07-12-7961, kodi i Punes.pdf<\/strong><\/a><\/li><li><a href=\"https:\/\/sarandaport.al\/wp-content\/uploads\/2024\/06\/ligj-1999-06-30-8503-1.pdf\"><strong>ligj-1999-06-30-8503.pdf<\/strong><\/a><\/li><li><a href=\"https:\/\/sarandaport.al\/wp-content\/uploads\/2024\/06\/ligj-2003-09-08-9131.pdf\"><strong>ligj-2003-09-08-9131.pdf<\/strong><\/a><\/li><li><a href=\"https:\/\/sarandaport.al\/wp-content\/uploads\/2024\/06\/ligj-2008-03-10-9887.pdf\"><strong>ligj-2008-03-10-9887.pdf<\/strong><\/a><\/li><li><a href=\"https:\/\/sarandaport.al\/wp-content\/uploads\/2024\/06\/ligj-2013-10-31-168-2013.pdf\"><strong>ligj-2013-10-31-168-2013.pdf<\/strong><\/a><\/li><li><a href=\"https:\/\/sarandaport.al\/wp-content\/uploads\/2024\/06\/Ligji-Nr.9154-date-6.11.2003-Per-arkivat.pdf\"><strong>Ligji-Nr.9154-dat\u00eb-6.11.2003-P\u00ebr-arkivat.pdf<\/strong><\/a><\/li><li><a href=\"https:\/\/sarandaport.al\/wp-content\/uploads\/2024\/06\/Ligji-Nr.10296-.-date-8.7.2010-Per-menaxhimin-Financiar-dhe-Kontrollin.pdf\"><strong>Ligji-Nr.10296-.-dat\u00eb-8.7.2010-P\u00ebr-menaxhimin-Financiar-dhe-Kontrollin.pdf<\/strong><\/a><\/li><li><strong>udhezimi-nr.7-per-rekrutimin-e-forces-se-sigurise.pdf<\/strong><\/li><li><a href=\"https:\/\/sarandaport.al\/wp-content\/uploads\/2024\/06\/vendim-2022-02-16-103.pdf\"><strong>vendim-2022-02-16-103.pdf<\/strong><\/a><\/li><\/ul>\t\t\t\t\t\t\t\t<\/div>\n\t\t\t\t<\/div>\n\t\t\t\t\t<\/div>\n\t\t\t\t<\/div>\n\t\t\t\t<\/div>","protected":false},"excerpt":{"rendered":"<p>Ligj_9251_08_07_2004.pdf ligj_nr_168_dt_31_10_2013_15001_1_23417_1-P\u00cbR-SIGURIN\u00cb-N\u00cb-ANIJE-DHE-N\u00cb-PORTE.pdf ligj-1995-07-12-7961, kodi i Punes.pdf ligj-1999-06-30-8503.pdf ligj-2003-09-08-9131.pdf ligj-2008-03-10-9887.pdf ligj-2013-10-31-168-2013.pdf Ligji-Nr.9154-dat\u00eb-6.11.2003-P\u00ebr-arkivat.pdf Ligji-Nr.10296-.-dat\u00eb-8.7.2010-P\u00ebr-menaxhimin-Financiar-dhe-Kontrollin.pdf udhezimi-nr.7-per-rekrutimin-e-forces-se-sigurise.pdf vendim-2022-02-16-103.pdf<\/p>","protected":false},"author":1,"featured_media":0,"parent":0,"menu_order":0,"comment_status":"closed","ping_status":"closed","template":"elementor_header_footer","meta":{"site-sidebar-layout":"no-sidebar","site-content-layout":"","ast-site-content-layout":"full-width-container","site-content-style":"default","site-sidebar-style":"default","ast-global-header-display":"","ast-banner-title-visibility":"","ast-main-header-display":"","ast-hfb-above-header-display":"","ast-hfb-below-header-display":"","ast-hfb-mobile-header-display":"","site-post-title":"disabled","ast-breadcrumbs-content":"","ast-featured-img":"disabled","footer-sml-layout":"","theme-transparent-header-meta":"","adv-header-id-meta":"","stick-header-meta":"","header-above-stick-meta":"","header-main-stick-meta":"","header-below-stick-meta":"","astra-migrate-meta-layouts":"default","ast-page-background-enabled":"default","ast-page-background-meta":{"desktop":{"background-color":"var(--ast-global-color-4)","background-image":"","background-repeat":"repeat","background-position":"center center","background-size":"auto","background-attachment":"scroll","background-type":"","background-media":"","overlay-type":"","overlay-color":"","overlay-opacity":"","overlay-gradient":""},"tablet":{"background-color":"","background-image":"","background-repeat":"repeat","background-position":"center center","background-size":"auto","background-attachment":"scroll","background-type":"","background-media":"","overlay-type":"","overlay-color":"","overlay-opacity":"","overlay-gradient":""},"mobile":{"background-color":"","background-image":"","background-repeat":"repeat","background-position":"center center","background-size":"auto","background-attachment":"scroll","background-type":"","background-media":"","overlay-type":"","overlay-color":"","overlay-opacity":"","overlay-gradient":""}},"ast-content-background-meta":{"desktop":{"background-color":"var(--ast-global-color-5)","background-image":"","background-repeat":"repeat","background-position":"center center","background-size":"auto","background-attachment":"scroll","background-type":"","background-media":"","overlay-type":"","overlay-color":"","overlay-opacity":"","overlay-gradient":""},"tablet":{"background-color":"var(--ast-global-color-5)","background-image":"","background-repeat":"repeat","background-position":"center center","background-size":"auto","background-attachment":"scroll","background-type":"","background-media":"","overlay-type":"","overlay-color":"","overlay-opacity":"","overlay-gradient":""},"mobile":{"background-color":"var(--ast-global-color-5)","background-image":"","background-repeat":"repeat","background-position":"center center","background-size":"auto","background-attachment":"scroll","background-type":"","background-media":"","overlay-type":"","overlay-color":"","overlay-opacity":"","overlay-gradient":""}},"footnotes":""},"class_list":["post-857","page","type-page","status-publish","hentry"],"_links":{"self":[{"href":"https:\/\/sarandaport.al\/en\/wp-json\/wp\/v2\/pages\/857","targetHints":{"allow":["GET"]}}],"collection":[{"href":"https:\/\/sarandaport.al\/en\/wp-json\/wp\/v2\/pages"}],"about":[{"href":"https:\/\/sarandaport.al\/en\/wp-json\/wp\/v2\/types\/page"}],"author":[{"embeddable":true,"href":"https:\/\/sarandaport.al\/en\/wp-json\/wp\/v2\/users\/1"}],"replies":[{"embeddable":true,"href":"https:\/\/sarandaport.al\/en\/wp-json\/wp\/v2\/comments?post=857"}],"version-history":[{"count":10,"href":"https:\/\/sarandaport.al\/en\/wp-json\/wp\/v2\/pages\/857\/revisions"}],"predecessor-version":[{"id":892,"href":"https:\/\/sarandaport.al\/en\/wp-json\/wp\/v2\/pages\/857\/revisions\/892"}],"wp:attachment":[{"href":"https:\/\/sarandaport.al\/en\/wp-json\/wp\/v2\/media?parent=857"}],"curies":[{"name":"wp","href":"https:\/\/api.w.org\/{rel}","templated":true}]}}