{"id":37,"date":"2024-06-15T10:52:18","date_gmt":"2024-06-15T10:52:18","guid":{"rendered":"https:\/\/sarandaport.al\/?page_id=37"},"modified":"2024-06-28T21:24:32","modified_gmt":"2024-06-28T21:24:32","slug":"emergjencat-civile","status":"publish","type":"page","link":"https:\/\/sarandaport.al\/en\/rreth-nesh\/emergjencat-civile\/","title":{"rendered":"CIVIL EMERGENCIES"},"content":{"rendered":"<div data-elementor-type=\"wp-page\" data-elementor-id=\"37\" class=\"elementor elementor-37\" data-elementor-settings=\"{&quot;element_pack_global_tooltip_width&quot;:{&quot;unit&quot;:&quot;px&quot;,&quot;size&quot;:&quot;&quot;,&quot;sizes&quot;:[]},&quot;element_pack_global_tooltip_width_tablet&quot;:{&quot;unit&quot;:&quot;px&quot;,&quot;size&quot;:&quot;&quot;,&quot;sizes&quot;:[]},&quot;element_pack_global_tooltip_width_mobile&quot;:{&quot;unit&quot;:&quot;px&quot;,&quot;size&quot;:&quot;&quot;,&quot;sizes&quot;:[]},&quot;element_pack_global_tooltip_padding&quot;:{&quot;unit&quot;:&quot;px&quot;,&quot;top&quot;:&quot;&quot;,&quot;right&quot;:&quot;&quot;,&quot;bottom&quot;:&quot;&quot;,&quot;left&quot;:&quot;&quot;,&quot;isLinked&quot;:true},&quot;element_pack_global_tooltip_padding_tablet&quot;:{&quot;unit&quot;:&quot;px&quot;,&quot;top&quot;:&quot;&quot;,&quot;right&quot;:&quot;&quot;,&quot;bottom&quot;:&quot;&quot;,&quot;left&quot;:&quot;&quot;,&quot;isLinked&quot;:true},&quot;element_pack_global_tooltip_padding_mobile&quot;:{&quot;unit&quot;:&quot;px&quot;,&quot;top&quot;:&quot;&quot;,&quot;right&quot;:&quot;&quot;,&quot;bottom&quot;:&quot;&quot;,&quot;left&quot;:&quot;&quot;,&quot;isLinked&quot;:true},&quot;element_pack_global_tooltip_border_radius&quot;:{&quot;unit&quot;:&quot;px&quot;,&quot;top&quot;:&quot;&quot;,&quot;right&quot;:&quot;&quot;,&quot;bottom&quot;:&quot;&quot;,&quot;left&quot;:&quot;&quot;,&quot;isLinked&quot;:true},&quot;element_pack_global_tooltip_border_radius_tablet&quot;:{&quot;unit&quot;:&quot;px&quot;,&quot;top&quot;:&quot;&quot;,&quot;right&quot;:&quot;&quot;,&quot;bottom&quot;:&quot;&quot;,&quot;left&quot;:&quot;&quot;,&quot;isLinked&quot;:true},&quot;element_pack_global_tooltip_border_radius_mobile&quot;:{&quot;unit&quot;:&quot;px&quot;,&quot;top&quot;:&quot;&quot;,&quot;right&quot;:&quot;&quot;,&quot;bottom&quot;:&quot;&quot;,&quot;left&quot;:&quot;&quot;,&quot;isLinked&quot;:true}}\" data-elementor-post-type=\"page\">\n\t\t\t\t<div data-particle_enable=\"false\" data-particle-mobile-disabled=\"false\" class=\"elementor-element elementor-element-83b322c e-flex e-con-boxed e-con e-parent\" data-id=\"83b322c\" data-element_type=\"container\">\n\t\t\t\t\t<div class=\"e-con-inner\">\n\t\t\t\t<div class=\"elementor-element elementor-element-e8a451e elementor-widget elementor-widget-text-editor\" data-id=\"e8a451e\" data-element_type=\"widget\" data-widget_type=\"text-editor.default\">\n\t\t\t\t<div class=\"elementor-widget-container\">\n\t\t\t\t\t\t\t\t\t<p>The Civil Emergency Plan is the primary document that facilitates the cooperation and coordination of all institutions and structures operating within the Sarand\u00eb port territory to prevent and manage civil emergencies. This plan is applicable to all phases of the emergency cycle, including preparation, response, recovery, and mitigation of impacts on the population.<br \/>The purpose of this plan is to draft an important document supporting the new Law No. 45\/2019 \"On Civil Protection\" and to implement the requirements of the National Civil Protection Plan.<br \/>Based on the realities and responsibilities of all state institutions and structures, as well as civil society operating in the port, this plan aims to:<\/p><p style=\"padding-left: 40px;\">1.\tPrevent, mitigate, and recover from any damage affecting the population, livestock, property, cultural heritage, and the environment.<br \/>2.\tEnsure conditions for state, public, and private institutions for economic activities and for the population to transition from normal living and working conditions to an emergency situation with minimal losses, maintaining order for the safety of people, livestock, property, cultural heritage, and the environment against the effects of a civil emergency.<br \/>3.\tGuarantee the use of all available resources and government support to ensure public safety, continuous economic activity, localization of the emergency area, and mitigation of consequences.<br \/>4.\tCoordinate and synchronize tasks with state institutions, emergency services, NGOs, and volunteer services to manage civil emergencies.<\/p><p>The working group conducts detailed assessments of the emergency situation, compiles the results into a respective report, and submits it to the leaders of the Port Emergency Headquarters. The leaders, along with their subordinate structures, are obligated to provide the working group with the necessary conditions to fulfill their assigned tasks. The report submitted to the institutional leadership authorities is reviewed by the responsible structures.<\/p><p>Based on the conclusions of the working group, established by the Joint Order of the members of the Sarand\u00eb Port Emergency Headquarters, the emergency situation is evaluated, or the institutional inability to resolve it with available capacities is assessed. If the working group concludes that intervention is necessary, the responsible structures at Sarand\u00eb Port proceed with all financial and legal procedures for repairing damages or any other necessary measures identified by the conducted expertise in the port facilities or territory.<\/p><p>For the direction and organization of operational tasks in extraordinary situations within the Sarand\u00eb port facility territory, the Civil Emergency Headquarters is established, comprising leading representatives of the law enforcement agencies operating within the port territory.<\/p><p>\u00a0<\/p><p><strong>COMPOSITION OF THE CIVIL EMERGENCY HEADQUARTERS<\/strong><\/p>\t\t\t\t\t\t\t\t<\/div>\n\t\t\t\t<\/div>\n\t\t\t\t\t<\/div>\n\t\t\t\t<\/div>\n\t\t<div data-particle_enable=\"false\" data-particle-mobile-disabled=\"false\" class=\"elementor-element elementor-element-995629e e-flex e-con-boxed e-con e-parent\" data-id=\"995629e\" data-element_type=\"container\">\n\t\t\t\t\t<div class=\"e-con-inner\">\n\t\t<div data-particle_enable=\"false\" data-particle-mobile-disabled=\"false\" class=\"elementor-element elementor-element-ac6bc1a e-con-full e-flex e-con e-child\" data-id=\"ac6bc1a\" data-element_type=\"container\">\n\t\t\t\t<div class=\"elementor-element elementor-element-3c1b0ac elementor-widget elementor-widget-text-editor\" data-id=\"3c1b0ac\" data-element_type=\"widget\" data-widget_type=\"text-editor.default\">\n\t\t\t\t<div class=\"elementor-widget-container\">\n\t\t\t\t\t\t\t\t\t<table width=\"630\"><tbody><tr><td width=\"156\"><p><strong>Alket QENDRO<\/strong><\/p><p><strong>Fotin KONA<\/strong><\/p><p><strong>Eleron Gjoni<\/strong><\/p><p><strong>Fadil Veli<\/strong><\/p><\/td><\/tr><\/tbody><\/table>\t\t\t\t\t\t\t\t<\/div>\n\t\t\t\t<\/div>\n\t\t\t\t<\/div>\n\t\t<div data-particle_enable=\"false\" data-particle-mobile-disabled=\"false\" class=\"elementor-element elementor-element-947be4d e-con-full e-flex e-con e-child\" data-id=\"947be4d\" data-element_type=\"container\">\n\t\t\t\t<div class=\"elementor-element elementor-element-8aee432 elementor-widget elementor-widget-text-editor\" data-id=\"8aee432\" data-element_type=\"widget\" data-widget_type=\"text-editor.default\">\n\t\t\t\t<div class=\"elementor-widget-container\">\n\t\t\t\t\t\t\t\t\t<table width=\"630\"><tbody><tr><td width=\"156\"><p><strong>General Director of Porti Detar Sarand\u00eb<\/strong><\/p><p><strong>Head of the Harbor Master<\/strong><\/p><p><strong>Director of the Customs Branch <\/strong><\/p><p><strong>Head of the Border Police Station<\/strong><\/p><\/td><\/tr><\/tbody><\/table>\t\t\t\t\t\t\t\t<\/div>\n\t\t\t\t<\/div>\n\t\t\t\t<\/div>\n\t\t<div data-particle_enable=\"false\" data-particle-mobile-disabled=\"false\" class=\"elementor-element elementor-element-2d0cc1c e-con-full e-flex e-con e-child\" data-id=\"2d0cc1c\" data-element_type=\"container\">\n\t\t\t\t<div class=\"elementor-element elementor-element-a09da3d elementor-widget elementor-widget-text-editor\" data-id=\"a09da3d\" data-element_type=\"widget\" data-widget_type=\"text-editor.default\">\n\t\t\t\t<div class=\"elementor-widget-container\">\n\t\t\t\t\t\t\t\t\t<table style=\"height: 178px;\" width=\"201\"><tbody><tr><td width=\"156\"><p><strong>Chairperson<\/strong><\/p><p><b>Member<\/b><\/p><p><b>Member<\/b><\/p><p><b>Member<\/b><\/p><\/td><\/tr><\/tbody><\/table>\t\t\t\t\t\t\t\t<\/div>\n\t\t\t\t<\/div>\n\t\t\t\t<\/div>\n\t\t\t\t\t<\/div>\n\t\t\t\t<\/div>\n\t\t<div data-particle_enable=\"false\" data-particle-mobile-disabled=\"false\" class=\"elementor-element elementor-element-f907ad3 e-flex e-con-boxed e-con e-parent\" data-id=\"f907ad3\" data-element_type=\"container\">\n\t\t\t\t\t<div class=\"e-con-inner\">\n\t\t\t\t<div class=\"elementor-element elementor-element-fc9ead6 elementor-widget elementor-widget-text-editor\" data-id=\"fc9ead6\" data-element_type=\"widget\" data-widget_type=\"text-editor.default\">\n\t\t\t\t<div class=\"elementor-widget-container\">\n\t\t\t\t\t\t\t\t\t<div class=\"man_page\"><p>The Civil Emergency Headquarters is the executive body responsible for drafting the emergency plan and ensuring its implementation. This structure is an integral part of the civil protection commissions at the district and municipal levels.<\/p><\/div><footer id=\"colophon\" role=\"contentinfo\"><div class=\"footer-width-fixer\"><div class=\"elementor elementor-103\" data-elementor-type=\"wp-post\" data-elementor-id=\"103\">\u00a0<\/div><\/div><\/footer>\t\t\t\t\t\t\t\t<\/div>\n\t\t\t\t<\/div>\n\t\t\t\t\t<\/div>\n\t\t\t\t<\/div>\n\t\t\t\t<\/div>","protected":false},"excerpt":{"rendered":"<p>Plani p\u00ebr Emergjenc\u00ebn Civile, \u00ebsht\u00eb dokumenti kryesor q\u00eb realizon bashk\u00ebpunimin dhe bashk\u00ebrendimin e t\u00eb gjitha institucioneve dhe strukturave q\u00eb veprojn\u00eb [&hellip;]<\/p>","protected":false},"author":1,"featured_media":0,"parent":25,"menu_order":0,"comment_status":"closed","ping_status":"closed","template":"elementor_header_footer","meta":{"site-sidebar-layout":"no-sidebar","site-content-layout":"","ast-site-content-layout":"full-width-container","site-content-style":"default","site-sidebar-style":"default","ast-global-header-display":"","ast-banner-title-visibility":"","ast-main-header-display":"","ast-hfb-above-header-display":"","ast-hfb-below-header-display":"","ast-hfb-mobile-header-display":"","site-post-title":"disabled","ast-breadcrumbs-content":"","ast-featured-img":"disabled","footer-sml-layout":"","theme-transparent-header-meta":"","adv-header-id-meta":"","stick-header-meta":"","header-above-stick-meta":"","header-main-stick-meta":"","header-below-stick-meta":"","astra-migrate-meta-layouts":"default","ast-page-background-enabled":"default","ast-page-background-meta":{"desktop":{"background-color":"var(--ast-global-color-4)","background-image":"","background-repeat":"repeat","background-position":"center center","background-size":"auto","background-attachment":"scroll","background-type":"","background-media":"","overlay-type":"","overlay-color":"","overlay-opacity":"","overlay-gradient":""},"tablet":{"background-color":"","background-image":"","background-repeat":"repeat","background-position":"center center","background-size":"auto","background-attachment":"scroll","background-type":"","background-media":"","overlay-type":"","overlay-color":"","overlay-opacity":"","overlay-gradient":""},"mobile":{"background-color":"","background-image":"","background-repeat":"repeat","background-position":"center center","background-size":"auto","background-attachment":"scroll","background-type":"","background-media":"","overlay-type":"","overlay-color":"","overlay-opacity":"","overlay-gradient":""}},"ast-content-background-meta":{"desktop":{"background-color":"var(--ast-global-color-5)","background-image":"","background-repeat":"repeat","background-position":"center center","background-size":"auto","background-attachment":"scroll","background-type":"","background-media":"","overlay-type":"","overlay-color":"","overlay-opacity":"","overlay-gradient":""},"tablet":{"background-color":"var(--ast-global-color-5)","background-image":"","background-repeat":"repeat","background-position":"center center","background-size":"auto","background-attachment":"scroll","background-type":"","background-media":"","overlay-type":"","overlay-color":"","overlay-opacity":"","overlay-gradient":""},"mobile":{"background-color":"var(--ast-global-color-5)","background-image":"","background-repeat":"repeat","background-position":"center center","background-size":"auto","background-attachment":"scroll","background-type":"","background-media":"","overlay-type":"","overlay-color":"","overlay-opacity":"","overlay-gradient":""}},"footnotes":""},"class_list":["post-37","page","type-page","status-publish","hentry"],"_links":{"self":[{"href":"https:\/\/sarandaport.al\/en\/wp-json\/wp\/v2\/pages\/37","targetHints":{"allow":["GET"]}}],"collection":[{"href":"https:\/\/sarandaport.al\/en\/wp-json\/wp\/v2\/pages"}],"about":[{"href":"https:\/\/sarandaport.al\/en\/wp-json\/wp\/v2\/types\/page"}],"author":[{"embeddable":true,"href":"https:\/\/sarandaport.al\/en\/wp-json\/wp\/v2\/users\/1"}],"replies":[{"embeddable":true,"href":"https:\/\/sarandaport.al\/en\/wp-json\/wp\/v2\/comments?post=37"}],"version-history":[{"count":7,"href":"https:\/\/sarandaport.al\/en\/wp-json\/wp\/v2\/pages\/37\/revisions"}],"predecessor-version":[{"id":374,"href":"https:\/\/sarandaport.al\/en\/wp-json\/wp\/v2\/pages\/37\/revisions\/374"}],"up":[{"embeddable":true,"href":"https:\/\/sarandaport.al\/en\/wp-json\/wp\/v2\/pages\/25"}],"wp:attachment":[{"href":"https:\/\/sarandaport.al\/en\/wp-json\/wp\/v2\/media?parent=37"}],"curies":[{"name":"wp","href":"https:\/\/api.w.org\/{rel}","templated":true}]}}