{"id":27,"date":"2024-06-15T10:50:08","date_gmt":"2024-06-15T10:50:08","guid":{"rendered":"https:\/\/sarandaport.al\/?page_id=27"},"modified":"2024-06-29T09:55:08","modified_gmt":"2024-06-29T09:55:08","slug":"historiku","status":"publish","type":"page","link":"https:\/\/sarandaport.al\/en\/rreth-nesh\/historiku\/","title":{"rendered":"HISTORY"},"content":{"rendered":"<div data-elementor-type=\"wp-page\" data-elementor-id=\"27\" class=\"elementor elementor-27\" data-elementor-settings=\"{&quot;element_pack_global_tooltip_width&quot;:{&quot;unit&quot;:&quot;px&quot;,&quot;size&quot;:&quot;&quot;,&quot;sizes&quot;:[]},&quot;element_pack_global_tooltip_width_tablet&quot;:{&quot;unit&quot;:&quot;px&quot;,&quot;size&quot;:&quot;&quot;,&quot;sizes&quot;:[]},&quot;element_pack_global_tooltip_width_mobile&quot;:{&quot;unit&quot;:&quot;px&quot;,&quot;size&quot;:&quot;&quot;,&quot;sizes&quot;:[]},&quot;element_pack_global_tooltip_padding&quot;:{&quot;unit&quot;:&quot;px&quot;,&quot;top&quot;:&quot;&quot;,&quot;right&quot;:&quot;&quot;,&quot;bottom&quot;:&quot;&quot;,&quot;left&quot;:&quot;&quot;,&quot;isLinked&quot;:true},&quot;element_pack_global_tooltip_padding_tablet&quot;:{&quot;unit&quot;:&quot;px&quot;,&quot;top&quot;:&quot;&quot;,&quot;right&quot;:&quot;&quot;,&quot;bottom&quot;:&quot;&quot;,&quot;left&quot;:&quot;&quot;,&quot;isLinked&quot;:true},&quot;element_pack_global_tooltip_padding_mobile&quot;:{&quot;unit&quot;:&quot;px&quot;,&quot;top&quot;:&quot;&quot;,&quot;right&quot;:&quot;&quot;,&quot;bottom&quot;:&quot;&quot;,&quot;left&quot;:&quot;&quot;,&quot;isLinked&quot;:true},&quot;element_pack_global_tooltip_border_radius&quot;:{&quot;unit&quot;:&quot;px&quot;,&quot;top&quot;:&quot;&quot;,&quot;right&quot;:&quot;&quot;,&quot;bottom&quot;:&quot;&quot;,&quot;left&quot;:&quot;&quot;,&quot;isLinked&quot;:true},&quot;element_pack_global_tooltip_border_radius_tablet&quot;:{&quot;unit&quot;:&quot;px&quot;,&quot;top&quot;:&quot;&quot;,&quot;right&quot;:&quot;&quot;,&quot;bottom&quot;:&quot;&quot;,&quot;left&quot;:&quot;&quot;,&quot;isLinked&quot;:true},&quot;element_pack_global_tooltip_border_radius_mobile&quot;:{&quot;unit&quot;:&quot;px&quot;,&quot;top&quot;:&quot;&quot;,&quot;right&quot;:&quot;&quot;,&quot;bottom&quot;:&quot;&quot;,&quot;left&quot;:&quot;&quot;,&quot;isLinked&quot;:true}}\" data-elementor-post-type=\"page\">\n\t\t\t\t<div data-particle_enable=\"false\" data-particle-mobile-disabled=\"false\" class=\"elementor-element elementor-element-5ce4818 e-flex e-con-boxed e-con e-parent\" data-id=\"5ce4818\" data-element_type=\"container\">\n\t\t\t\t\t<div class=\"e-con-inner\">\n\t\t\t\t<div class=\"elementor-element elementor-element-5989bb6 elementor-widget elementor-widget-text-editor\" data-id=\"5989bb6\" data-element_type=\"widget\" data-widget_type=\"text-editor.default\">\n\t\t\t\t<div class=\"elementor-widget-container\">\n\t\t\t\t\t\t\t\t\t<p><img fetchpriority=\"high\" decoding=\"async\" class=\"alignleft wp-image-334\" src=\"https:\/\/sarandaport.al\/wp-content\/uploads\/2024\/06\/historiku-1024x478-2-300x140.jpg\" alt=\"\" width=\"500\" height=\"233\" srcset=\"https:\/\/sarandaport.al\/wp-content\/uploads\/2024\/06\/historiku-1024x478-2-300x140.jpg 300w, https:\/\/sarandaport.al\/wp-content\/uploads\/2024\/06\/historiku-1024x478-2-768x359.jpg 768w, https:\/\/sarandaport.al\/wp-content\/uploads\/2024\/06\/historiku-1024x478-2.jpg 1024w\" sizes=\"(max-width: 500px) 100vw, 500px\" \/>The origins of the Sarada Port dates back to the 20s. Initially, this port served only for the transportation of passengers and a few food products and handcrafted goods, which were mainly exchanged with neighboring countries such as Greece and Italy.<\/p><p>Over the years, with the country's socio-economic development, the Sarada Port also began to be constructed and strengthened. More powerful piers with greater depth were built, allowing the arrival of larger ships, ranging from 500 to 1,000 tons.<\/p><p>In the 60s, the construction of reinforced concrete piers began, providing greater load-bearing capacity and the possibility to install loading and unloading mechanisms, as well as ensuring greater depth to accommodate ships of 2,000 to 3,000 tons.<\/p><p>In the 80s, an electric crane with a capacity of 5 tons, obtained from the Port of Durr\u00ebs, was installed at this port. This enabled an increase in work volume, improved working conditions, enhanced efficiency, and consequently shortened loading and unloading times.<\/p><p>During the years of democracy, the port found its niche, becoming a significant base for the southern region of the country. While the main activity initially involved processing goods, later on, the processing of passengers and tourists, which has been continuously increasing, also gained momentum.<\/p><p>Porti Detar SH.A Sarand\u00eb is a joint-stock company owned by the Ministry of Finance and Economy, founded on October 20, 2000, and registered by court decision no. 24689 on November 15, 2000. Since July 2020, the Limion Port, which was an asset of the Port of Sarand\u00eb, has been granted a concession, and the processing of commercial ships is no longer done by us.<\/p><p>Today, the Port of Sarand\u00eb provides very attentive service to all domestic and foreign tourists visiting this area. The port is considered a genuine tourist port as about 90% of the processed passengers are tourists.<\/p>\t\t\t\t\t\t\t\t<\/div>\n\t\t\t\t<\/div>\n\t\t\t\t\t<\/div>\n\t\t\t\t<\/div>\n\t\t<div data-particle_enable=\"false\" data-particle-mobile-disabled=\"false\" class=\"elementor-element elementor-element-631a3a8 e-flex e-con-boxed e-con e-parent\" data-id=\"631a3a8\" data-element_type=\"container\">\n\t\t\t\t\t<div class=\"e-con-inner\">\n\t\t\t\t<div class=\"elementor-element elementor-element-dc3786e elementor-widget elementor-widget-text-editor\" data-id=\"dc3786e\" data-element_type=\"widget\" data-widget_type=\"text-editor.default\">\n\t\t\t\t<div class=\"elementor-widget-container\">\n\t\t\t\t\t\t\t\t\t<h6><span style=\"color: #3366ff;\"><u>Position<\/u><\/span><\/h6><p>The Port of Sarand\u00eb is located at coordinates 39\u00b0 52\u2019 15\u2019\u2019 North and 20\u00b0 00\u2019 11\u2019\u2019 East. This port has now transformed into a tourist port because, out of the total processed passengers, about 90% are tourists.<\/p>\t\t\t\t\t\t\t\t<\/div>\n\t\t\t\t<\/div>\n\t\t\t\t\t<\/div>\n\t\t\t\t<\/div>\n\t\t<div data-particle_enable=\"false\" data-particle-mobile-disabled=\"false\" class=\"elementor-element elementor-element-3154abb e-flex e-con-boxed e-con e-parent\" data-id=\"3154abb\" data-element_type=\"container\">\n\t\t\t\t\t<div class=\"e-con-inner\">\n\t\t\t\t<div class=\"elementor-element elementor-element-5ebaca5 elementor-widget elementor-widget-text-editor\" data-id=\"5ebaca5\" data-element_type=\"widget\" data-widget_type=\"text-editor.default\">\n\t\t\t\t<div class=\"elementor-widget-container\">\n\t\t\t\t\t\t\t\t\t<h6><span style=\"color: #0000ff;\"><u>Port Piers<\/u><\/span><\/h6><p>The port consists of two main piers:<\/p><ul><li><strong>Pier No.1<\/strong>: It has a length of 50 meters and the depth of the basin at the beginning of the pier is 3.5 m - 4 m. This pier processes passenger and vehicle ferries on the regular Sarand\u00eb-Corfu-Sarand\u00eb line. Up to four ferries with average capacity can also be docked vertically.<\/li><li><strong>Pier No.2<\/strong>: This pier is for cruise ships, with a length of 180 meters and a depth of 9 meters. It processes tourist ferries ranging from 100 meters to 210 meters in length. During the tourist season, \"dolphin\" type ferries are also processed at this pier as it meets the depth parameters for these types of ferries.<\/li><li><strong>Pier No.3<\/strong>: Known as the \"aquarium\" of the port, it is primarily preferred by luxury vessels (yachts, sailboats) for long stays, as it offers protection from currents and waves.<\/li><\/ul><h6><span style=\"color: #3366ff;\"><u>Anchorage<\/u><\/span><\/h6><p>Large ships can anchor in the middle of the bay at depths of 20-30 meters, where the seabed is muddy, though occasionally rocky. Small ships are better protected in the northern part of the bay, near the shore. Navigation into the bay of Sarand\u00eb at night is guided by two main lighthouses:<\/p><ul><li><strong>L\u00ebkursi Lighthouse<\/strong>: Located at 20\u00b0 01\u2019 33.7\u2019\u2019 E and 39\u00b0 51\u2019 51\u2019\u2019 N, south of Mount L\u00ebkursi at an altitude of 209 meters. The visible distance of the lighthouse is 20 miles.<\/li><li><strong>Berdenesh Lighthouse<\/strong>: Located at 20\u00b0 01\u2019 5\u2019\u2019 E and 39\u00b0 50.7\u2019 N, northeast of Cape Denta. The lighthouse sits atop a 1.5-meter-high concrete base, with a 3-meter-high metal tripod.<\/li><\/ul><h6><span style=\"color: #3366ff;\"><u>Hydrometeorological Regime<\/u><\/span><\/h6><p>The dominant winds in the bay of Sarand\u00eb come from the northeast, southwest, and north. Northeastern winds prevail in all seasons, blowing at an average speed of 4 m\/s in winter. These winds do not cause waves in the bay of Sarand\u00eb. The second most common winds are from the southwest, impacting mostly in summer, with an average speed of 5 m\/s. These winds cause significant waves in the bay, making it difficult for ships to stay anchored or docked. Waves in the bay of Sarand\u00eb are not very large, reaching a force of 3-4, as the bay is protected by the island of Corfu. The sea current speed reaches 0.5 knots towards the north.<\/p><h6><span style=\"color: #3366ff;\"><u>Depths<\/u><\/span><\/h6><p>At the entrance to the bay of Sarand\u00eb, depths range from 20-50 meters. The 5-meter depth contour is 20-30 meters from the shore. The 10-meter depth contour is 100-120 meters from the shore. The seabed is muddy, with a thickness of 3 meters, and beneath it is rocky. This bay is free from underwater hazards, except for the shoal at Cape Paladha, 0.5 miles from the shore. This shoal, named the Sarand\u00eb shoal, extends 4 cables with a S-SE direction from the cape. Its shallowest depth is 1.5 meters at the S-SE end and 2.4 meters at the W-SW end. The shoal seabed is rocky. Between the shoal and the shore of Cape Paladha, there is a passage with a depth of up to 3 meters, but it is not a straight line, making it very difficult to navigate and not recommended. Additionally, for orienting ferries at anchor, the Bova e Plazhit buoy is used, with coordinates 39\u00b0 52\u2019 12.6\u2019\u2019 N and 20\u00b0 00\u2019 39.06\u2019\u2019 E. This is an isolated danger buoy, black with red, with a white light, at a depth of 22.4 meters, signaling a sunken ship.<\/p>\t\t\t\t\t\t\t\t<\/div>\n\t\t\t\t<\/div>\n\t\t\t\t\t<\/div>\n\t\t\t\t<\/div>\n\t\t<div data-particle_enable=\"false\" data-particle-mobile-disabled=\"false\" class=\"elementor-element elementor-element-444c166 e-flex e-con-boxed e-con e-parent\" data-id=\"444c166\" data-element_type=\"container\">\n\t\t\t\t\t<div class=\"e-con-inner\">\n\t\t\t\t<div class=\"elementor-element elementor-element-d64c664 elementor-widget elementor-widget-html\" data-id=\"d64c664\" data-element_type=\"widget\" data-widget_type=\"html.default\">\n\t\t\t\t<div class=\"elementor-widget-container\">\n\t\t\t\t\t<iframe src=\"https:\/\/www.google.com\/maps\/embed?pb=!1m16!1m12!1m3!1d24496.266610956307!2d19.98324864949186!3d39.87349140323973!2m3!1f0!2f0!3f0!3m2!1i1024!2i768!4f13.1!2m1!1sPort%20of%20Saranda!5e0!3m2!1sen!2sus!4v1718654656196!5m2!1sen!2sus\" width=\"600\" height=\"450\" style=\"border:0;\" allowfullscreen=\"\" loading=\"lazy\" referrerpolicy=\"no-referrer-when-downgrade\"><\/iframe>\t\t\t\t<\/div>\n\t\t\t\t<\/div>\n\t\t\t\t\t<\/div>\n\t\t\t\t<\/div>\n\t\t\t\t<\/div>","protected":false},"excerpt":{"rendered":"<p>Porti\u00a0 i\u00a0 Sarand\u00ebs\u00a0 e\u00a0 ka\u00a0 zanafill\u00ebn e vet\u00a0 rreth viteve 20-t\u00eb . N\u00eb fillimet e tij ky port ka sh\u00ebrbyer [&hellip;]<\/p>","protected":false},"author":1,"featured_media":0,"parent":25,"menu_order":0,"comment_status":"closed","ping_status":"closed","template":"elementor_header_footer","meta":{"site-sidebar-layout":"no-sidebar","site-content-layout":"","ast-site-content-layout":"full-width-container","site-content-style":"default","site-sidebar-style":"default","ast-global-header-display":"","ast-banner-title-visibility":"","ast-main-header-display":"","ast-hfb-above-header-display":"","ast-hfb-below-header-display":"","ast-hfb-mobile-header-display":"","site-post-title":"disabled","ast-breadcrumbs-content":"","ast-featured-img":"disabled","footer-sml-layout":"","theme-transparent-header-meta":"","adv-header-id-meta":"","stick-header-meta":"","header-above-stick-meta":"","header-main-stick-meta":"","header-below-stick-meta":"","astra-migrate-meta-layouts":"default","ast-page-background-enabled":"default","ast-page-background-meta":{"desktop":{"background-color":"var(--ast-global-color-4)","background-image":"","background-repeat":"repeat","background-position":"center center","background-size":"auto","background-attachment":"scroll","background-type":"","background-media":"","overlay-type":"","overlay-color":"","overlay-opacity":"","overlay-gradient":""},"tablet":{"background-color":"","background-image":"","background-repeat":"repeat","background-position":"center center","background-size":"auto","background-attachment":"scroll","background-type":"","background-media":"","overlay-type":"","overlay-color":"","overlay-opacity":"","overlay-gradient":""},"mobile":{"background-color":"","background-image":"","background-repeat":"repeat","background-position":"center center","background-size":"auto","background-attachment":"scroll","background-type":"","background-media":"","overlay-type":"","overlay-color":"","overlay-opacity":"","overlay-gradient":""}},"ast-content-background-meta":{"desktop":{"background-color":"var(--ast-global-color-5)","background-image":"","background-repeat":"repeat","background-position":"center center","background-size":"auto","background-attachment":"scroll","background-type":"","background-media":"","overlay-type":"","overlay-color":"","overlay-opacity":"","overlay-gradient":""},"tablet":{"background-color":"var(--ast-global-color-5)","background-image":"","background-repeat":"repeat","background-position":"center center","background-size":"auto","background-attachment":"scroll","background-type":"","background-media":"","overlay-type":"","overlay-color":"","overlay-opacity":"","overlay-gradient":""},"mobile":{"background-color":"var(--ast-global-color-5)","background-image":"","background-repeat":"repeat","background-position":"center center","background-size":"auto","background-attachment":"scroll","background-type":"","background-media":"","overlay-type":"","overlay-color":"","overlay-opacity":"","overlay-gradient":""}},"footnotes":""},"class_list":["post-27","page","type-page","status-publish","hentry"],"_links":{"self":[{"href":"https:\/\/sarandaport.al\/en\/wp-json\/wp\/v2\/pages\/27","targetHints":{"allow":["GET"]}}],"collection":[{"href":"https:\/\/sarandaport.al\/en\/wp-json\/wp\/v2\/pages"}],"about":[{"href":"https:\/\/sarandaport.al\/en\/wp-json\/wp\/v2\/types\/page"}],"author":[{"embeddable":true,"href":"https:\/\/sarandaport.al\/en\/wp-json\/wp\/v2\/users\/1"}],"replies":[{"embeddable":true,"href":"https:\/\/sarandaport.al\/en\/wp-json\/wp\/v2\/comments?post=27"}],"version-history":[{"count":10,"href":"https:\/\/sarandaport.al\/en\/wp-json\/wp\/v2\/pages\/27\/revisions"}],"predecessor-version":[{"id":497,"href":"https:\/\/sarandaport.al\/en\/wp-json\/wp\/v2\/pages\/27\/revisions\/497"}],"up":[{"embeddable":true,"href":"https:\/\/sarandaport.al\/en\/wp-json\/wp\/v2\/pages\/25"}],"wp:attachment":[{"href":"https:\/\/sarandaport.al\/en\/wp-json\/wp\/v2\/media?parent=27"}],"curies":[{"name":"wp","href":"https:\/\/api.w.org\/{rel}","templated":true}]}}